{"id":10,"date":"2024-02-06T09:23:50","date_gmt":"2024-02-06T09:23:50","guid":{"rendered":"http:\/\/1siebert.de\/cp\/?page_id=10"},"modified":"2025-02-16T08:04:39","modified_gmt":"2025-02-16T08:04:39","slug":"php","status":"publish","type":"page","link":"https:\/\/1siebert.de\/hsscp\/php\/","title":{"rendered":"PHP"},"content":{"rendered":"<table>\n<tr>\n<td><a class=\"\" href=\"https:\/\/1siebert.de\/php_site\/gebtage_feiertage\/gebtage_feiertage.php\" target=\"blank\" rel=\"noopener\">F\u00e4llt mein Geburtstag auf einen Feiertag?<\/a> (PHP)<\/td>\n<td>Gute Chancen am Jahresanfang- oder -ende<\/td>\n<\/tr>\n<tr>\n<td><a href=\"https:\/\/1siebert.de\/hsscp\/ostern-und-dessen-abhaengige-tage\">Ostern &amp; Feiertage<\/a> (PHP)<\/td>\n<td>..f\u00fcr jedes nur denkbare Jahr.<\/td>\n<\/tr>\n<tr>\n<td><a class=\"\" href=\"https:\/\/1siebert.de\/hsscp\/sonneninfos\" target=\"blank\" rel=\"noopener\">Sonneninfos f\u00fcr jeden Tag<\/a> (PHP)<\/td>\n<td>Informationen \u00fcber D\u00e4mmerung, Sonnenstand, Zenit.. hier f\u00fcr 56410 Montabaur<\/td>\n<\/tr>\n<tr>\n<td><a class=\"\" href=\"https:\/\/1siebert.de\/php_site\/heimat\" target=\"blank\" rel=\"noopener\">Heimatb\u00fccher-Datenbank<\/a> (PHP)<\/td>\n<td>Inhaltsverzeichnis aller Heimatjahrb\u00fccher des Kreis Neuwied von 1922 bis 2024<\/td>\n<\/tr>\n<tr>\n<td><a href=\"http:\/\/1siebert.de\/hsscp\/zitatensuche\/\">Zitaten-Suche<\/a> (PHP &#038; SQL)<\/td>\n<td>fast 1000 klassische Zitate sind eingestellt.<\/td>\n<\/tr>\n<tr>\n<td>ipad-Ausleihe (PHP &#038; SQL) in Arbeit<\/td>\n<td>Reservierungsprogramm der iPads meiner Schule <\/td>\n<\/tr>\n<tr>\n<td><a href=\"https:\/\/1siebert.de\/hsscp\/elternsprechtag\"> Elternsprechtag<\/a> (PHP &#038; SQL)<\/td>\n<td>Programm zur Anmeldung zum Elternsprechtag meiner Schule <\/td>\n<\/tr>\n<tr>\n<td><a href=\"https:\/\/1siebert.de\/hsscp\/termine\">Der ehemalige Kalender<\/a> (PHP, SQL, JS)<\/td>\n<td>der Carmen Sylva-Schule Neuwied-Niederbieber<\/td>\n<\/tr>\n<tr>\n<td><a href=\"https:\/\/1siebert.de\/php_site\/bio\/bio\/Script?dob=1954-02-15#result\"> Biorhythmus<\/a> (PHP)<\/td>\n<td>..f\u00fcr jedes Geburtsdatum &#8211; hat noch einen Fehler.<\/td>\n<\/tr>\n<tr>\n<td><a class=\"\" href=\"https:\/\/1siebert.de\/php_site\/20211218_qlock\" target=\"blank\" rel=\"noopener\">QLOCKTWO<\/a> (JS)<\/td>\n<td>Uhrzeit in Worten &#8211; Die vier Punkte stehen f\u00fcr die Einzelminuten der 5-Min-Angabe.<\/td>\n<\/tr>\n<tr>\n<td><a class=\"\" href=\"https:\/\/1siebert.de\/php_site\/zirkel_kalender\/kalender.php\" target=\"blank\" rel=\"noopener\">Kalender<\/a> (JS)<\/td>\n<td>zirkul\u00e4r aufgebauter Kalender &#8211; 2 Funktionen (Temperatur\/Wochenverlauf) fehlen<\/td>\n<\/tr>\n<tr>\n<td><a class=\"\" href=\"https:\/\/1siebert.de\/hsscp\/code-quellen\" target=\"blank\" rel=\"noopener\">Code-Quellen<\/a><\/td>\n<td><\/td>\n<\/tr>\n<\/table>\n","protected":false},"excerpt":{"rendered":"<p>F\u00e4llt mein Geburtstag auf einen Feiertag? (PHP) Gute Chancen am Jahresanfang- oder -ende Ostern &amp; Feiertage (PHP) ..f\u00fcr jedes nur denkbare Jahr. Sonneninfos f\u00fcr jeden Tag (PHP) Informationen \u00fcber D\u00e4mmerung, Sonnenstand, Zenit.. hier f\u00fcr 56410 Montabaur Heimatb\u00fccher-Datenbank (PHP) Inhaltsverzeichnis aller &hellip; <a href=\"https:\/\/1siebert.de\/hsscp\/php\/\">Weiterlesen <span class=\"meta-nav\">&rarr;<\/span><\/a> <a href=\"https:\/\/1siebert.de\/hsscp\/php\/\">Weiterlesen <span class=\"meta-nav\">&rarr;<\/span><\/a><\/p>\n","protected":false},"author":2,"featured_media":0,"parent":0,"menu_order":27,"comment_status":"closed","ping_status":"closed","template":"onecolumn-page.php","meta":[],"_links":{"self":[{"href":"https:\/\/1siebert.de\/hsscp\/wp-json\/wp\/v2\/pages\/10"}],"collection":[{"href":"https:\/\/1siebert.de\/hsscp\/wp-json\/wp\/v2\/pages"}],"about":[{"href":"https:\/\/1siebert.de\/hsscp\/wp-json\/wp\/v2\/types\/page"}],"author":[{"embeddable":true,"href":"https:\/\/1siebert.de\/hsscp\/wp-json\/wp\/v2\/users\/2"}],"replies":[{"embeddable":true,"href":"https:\/\/1siebert.de\/hsscp\/wp-json\/wp\/v2\/comments?post=10"}],"version-history":[{"count":2,"href":"https:\/\/1siebert.de\/hsscp\/wp-json\/wp\/v2\/pages\/10\/revisions"}],"predecessor-version":[{"id":1135,"href":"https:\/\/1siebert.de\/hsscp\/wp-json\/wp\/v2\/pages\/10\/revisions\/1135"}],"wp:attachment":[{"href":"https:\/\/1siebert.de\/hsscp\/wp-json\/wp\/v2\/media?parent=10"}],"curies":[{"name":"wp","href":"https:\/\/api.w.org\/{rel}","templated":true}]}}