{"id":2,"date":"2024-07-05T16:35:09","date_gmt":"2024-07-05T16:35:09","guid":{"rendered":"https:\/\/1siebert.de\/hsscp\/?page_id=2"},"modified":"2024-07-05T16:35:09","modified_gmt":"2024-07-05T16:35:09","slug":"beispiel-seite","status":"publish","type":"page","link":"https:\/\/1siebert.de\/hsscp\/beispiel-seite\/","title":{"rendered":"Beispiel-Seite"},"content":{"rendered":"<p>Dies ist eine Beispielseite. Es unterscheidet sich von einem Blog-Beitrag, weil er an einem Ort bleibt und wird in Ihrer Website-Navigation (in den meisten Themen) angezeigt. Die meisten Leute beginnen mit einer \u00dcber die Seite, die sie potentiellen Website-Besuchern vorstellt. Es k\u00f6nnte so etwas hei\u00dfen:Hallo! Ich bin ein Radbotschafter bei Tag, aufstrebender Schauspieler bei der Nacht, und das ist meine Website. Ich lebe in Los Angeles, habe einen gro\u00dfen Hund namens Jack, und ich mag pi&#241;eine Coladas. (And gettin&#8216; caught in the rain.)&#8230;oder so etwas:Die Firma XYZ Doohickey wurde 1971 gegr\u00fcndet und bietet seitdem der \u00d6ffentlichkeit Qualit\u00e4tsdoohickeys an. XYZ mit Sitz in Gotham City besch\u00e4ftigt \u00fcber 2.000 Mitarbeiter und macht f\u00fcr die G\u00f6teborger Gemeinde allerlei tolle Dinge.Als neuer ClassicPress-Benutzer Sie sollten zu <a href=\"https:\/\/1siebert.de\/hsscp\/wp-admin\/\">Ihrem Dashboard<\/a> gehen, um diese Seite zu l\u00f6schen und neue Seiten f\u00fcr Ihren Inhalt zu erstellen. Viel Spa\u00df!<\/p>\n","protected":false},"excerpt":{"rendered":"<p>Dies ist eine Beispielseite. Es unterscheidet sich von einem Blog-Beitrag, weil er an einem Ort bleibt und wird in Ihrer Website-Navigation (in den meisten Themen) angezeigt. Die meisten Leute beginnen mit einer \u00dcber die Seite, die sie potentiellen Website-Besuchern vorstellt. &hellip; <a href=\"https:\/\/1siebert.de\/hsscp\/beispiel-seite\/\">Weiterlesen <span class=\"meta-nav\">&rarr;<\/span><\/a><\/p>\n","protected":false},"author":1,"featured_media":0,"parent":0,"menu_order":0,"comment_status":"closed","ping_status":"open","template":"","meta":[],"_links":{"self":[{"href":"https:\/\/1siebert.de\/hsscp\/wp-json\/wp\/v2\/pages\/2"}],"collection":[{"href":"https:\/\/1siebert.de\/hsscp\/wp-json\/wp\/v2\/pages"}],"about":[{"href":"https:\/\/1siebert.de\/hsscp\/wp-json\/wp\/v2\/types\/page"}],"author":[{"embeddable":true,"href":"https:\/\/1siebert.de\/hsscp\/wp-json\/wp\/v2\/users\/1"}],"replies":[{"embeddable":true,"href":"https:\/\/1siebert.de\/hsscp\/wp-json\/wp\/v2\/comments?post=2"}],"version-history":[{"count":0,"href":"https:\/\/1siebert.de\/hsscp\/wp-json\/wp\/v2\/pages\/2\/revisions"}],"wp:attachment":[{"href":"https:\/\/1siebert.de\/hsscp\/wp-json\/wp\/v2\/media?parent=2"}],"curies":[{"name":"wp","href":"https:\/\/api.w.org\/{rel}","templated":true}]}}