{"id":924,"date":"2024-03-12T19:43:23","date_gmt":"2024-03-12T19:43:24","guid":{"rendered":"http:\/\/1siebert.de\/cp\/?page_id=924"},"modified":"2025-02-27T22:48:49","modified_gmt":"2025-02-27T22:48:49","slug":"code-quellen","status":"publish","type":"page","link":"https:\/\/1siebert.de\/hsscp\/php\/code-quellen\/","title":{"rendered":"Code-Quellen"},"content":{"rendered":"<table>\n<tbody>\n<tr>\n<th>Programm<\/th>\n<th>Sprache<\/th>\n<th>Zweck<\/th>\n<th>Quell-Code<\/th>\n<th>Bemerkung<\/th>\n<\/tr>\n<tr>\n<td>Sonneninfos<\/td>\n<td>PHP, HTML, CSS<\/td>\n<td>Sonnenauf- und untergang &amp; D\u00e4mmerungszeiten<\/td>\n<td>eigenes Programm<\/p>\n<p><a href=\"https:\/\/isolution.pro\/de\/t\/php\/php-function-date-sun-info\/php-date-sun-info-funktion\" target=\"_new\" rel=\"noopener\">\u2799 zur PHP-Funktion date_sun_info<\/a><\/td>\n<\/tr>\n<tr>\n<td>Oster-Termine<\/td>\n<td>PHP, HTML, CSS<\/td>\n<td>&#8222;Feiertage in Abh\u00e4ngigkeit mit Ostern (Friedr. Gauss)<\/td>\n<td>eigenes Programm<\/td>\n<td>Gauss-Funktion steht auf meiner Web-Site<\/td>\n<\/tr>\n<tr>\n<td>Heimatdatenbank Kreismedienzentrum Neuwied<\/td>\n<td>PHP, HTML, CSS, MySQL<\/td>\n<td>elektron. Findbuch aller Heimatb\u00fccher Neuwieds<\/td>\n<td>eigenes Programm<\/p>\n<p><a href=\"https:\/\/1siebert.de\/hsscp\/archive\/heimatdatenbank\/\" target=\"_new\" rel=\"noopener\">\u2799 zur Heimatbuch-Datenbank<\/a><\/td>\n<\/tr>\n<tr>\n<td>Kreis-Kalender<\/td>\n<td>JS, PHP, CSS, HTML<\/td>\n<td>zirkul\u00e4r aufgebauter Kalender &#8211; es fehlen 2 Funktionen..<\/td>\n<td>https:\/\/codepen.io\/mattjuggins\/pen\/WGRRYx<\/td>\n<td><\/td>\n<\/tr>\n<tr>\n<td>Geburts- &amp; Feiertage<\/td>\n<td>PHP, HTML, CSS<\/td>\n<td>in Abh\u00e4ngigkeit des Osterdatums<\/td>\n<td>eigenes Programm<\/td>\n<td><\/td>\n<\/tr>\n<tr>\n<td>Elternsprechtag<\/td>\n<td>PHP, HTML, CSS, MySQL<\/td>\n<td>Eintrag in Liste &#8211; Sperrung dieses Termins<\/td>\n<\/tr>\n<tr>\n<td>iPad-Ausleihe<\/td>\n<td>PHP, HTML, CSS, MySQL<\/td>\n<td>in der CSS Neuwied mit Passwort-Generierung<\/td>\n<td>eigenes Programm<\/td>\n<td><\/td>\n<\/tr>\n<tr>\n<td>Schulumfrage<\/td>\n<td>PHP, HTML, CSS, MySQL<\/td>\n<td>Bedarf digitaler Medien im Kreis Neuwied mit Passwort-Generierung<\/td>\n<td>eigenes Programm<\/td>\n<td><\/td>\n<\/tr>\n<tr>\n<td>Wahlpflichtfach-Wahl<\/td>\n<td>PHP, HTML, CSS, MySQL<\/td>\n<td>Sch\u00fcler w\u00e4hlen 3 WPF\u00e4cher &amp; Statistik<\/td>\n<td>eigenes Programm<\/td>\n<td><\/td>\n<\/tr>\n<tr>\n<td>Berliner Uhr<\/td>\n<td>PHP, HTML, CSS<\/td>\n<td>Sie zeigte auf dem Kurf\u00fcrstendamm die Zeit in Farbbalken an.<\/td>\n<td>eigenes Programm<\/p>\n<p><a href=\"https:\/\/de.wikipedia.org\/wiki\/Berlin-Uhr\" target=\"_new\" rel=\"noopener\">\u2799 zum Wikipedia-Eintrag<\/a><\/td>\n<\/tr>\n<tr>\n<td>Biorhythmus<\/td>\n<td>PHP GUI<\/td>\n<td>Drei Bio-Linien f\u00fcr jedes Geburtsdatum<\/td>\n<td>Quellcode gekauft<\/td>\n<\/tr>\n<tr>\n<td>QCLOCKTWO<\/td>\n<td>JS, PHP, CSS, HTML<\/td>\n<td>Uhrzeit in Worten<\/td>\n<td><a href=\"https:\/\/codepen.io\/swys\/pen\/eLftx\" target=\"_new\" rel=\"noopener\">nach einer Idee von Biegert &amp; Funk \u00b7 Uhrenmanufaktur<\/a><\/td>\n<\/tr>\n<\/tbody>\n<\/table>\n","protected":false},"excerpt":{"rendered":"<p>Programm Sprache Zweck Quell-Code Bemerkung Sonneninfos PHP, HTML, CSS Sonnenauf- und untergang &amp; D\u00e4mmerungszeiten eigenes Programm \u2799 zur PHP-Funktion date_sun_info Oster-Termine PHP, HTML, CSS &#8222;Feiertage in Abh\u00e4ngigkeit mit Ostern (Friedr. Gauss) eigenes Programm Gauss-Funktion steht auf meiner Web-Site Heimatdatenbank Kreismedienzentrum &hellip; <a href=\"https:\/\/1siebert.de\/hsscp\/php\/code-quellen\/\">Weiterlesen <span class=\"meta-nav\">&rarr;<\/span><\/a> <a href=\"https:\/\/1siebert.de\/hsscp\/php\/code-quellen\/\">Weiterlesen <span class=\"meta-nav\">&rarr;<\/span><\/a><\/p>\n","protected":false},"author":2,"featured_media":0,"parent":10,"menu_order":0,"comment_status":"closed","ping_status":"closed","template":"onecolumn-page.php","meta":[],"_links":{"self":[{"href":"https:\/\/1siebert.de\/hsscp\/wp-json\/wp\/v2\/pages\/924"}],"collection":[{"href":"https:\/\/1siebert.de\/hsscp\/wp-json\/wp\/v2\/pages"}],"about":[{"href":"https:\/\/1siebert.de\/hsscp\/wp-json\/wp\/v2\/types\/page"}],"author":[{"embeddable":true,"href":"https:\/\/1siebert.de\/hsscp\/wp-json\/wp\/v2\/users\/2"}],"replies":[{"embeddable":true,"href":"https:\/\/1siebert.de\/hsscp\/wp-json\/wp\/v2\/comments?post=924"}],"version-history":[{"count":2,"href":"https:\/\/1siebert.de\/hsscp\/wp-json\/wp\/v2\/pages\/924\/revisions"}],"predecessor-version":[{"id":1206,"href":"https:\/\/1siebert.de\/hsscp\/wp-json\/wp\/v2\/pages\/924\/revisions\/1206"}],"up":[{"embeddable":true,"href":"https:\/\/1siebert.de\/hsscp\/wp-json\/wp\/v2\/pages\/10"}],"wp:attachment":[{"href":"https:\/\/1siebert.de\/hsscp\/wp-json\/wp\/v2\/media?parent=924"}],"curies":[{"name":"wp","href":"https:\/\/api.w.org\/{rel}","templated":true}]}}